{"id":1253,"date":"2022-12-08T13:53:32","date_gmt":"2022-12-08T12:53:32","guid":{"rendered":"https:\/\/masiatero.com\/masiatero-domus\/"},"modified":"2024-03-13T17:29:39","modified_gmt":"2024-03-13T16:29:39","slug":"masiatero-domus","status":"publish","type":"page","link":"https:\/\/masiatero.com\/ca\/masiatero-domus\/","title":{"rendered":"MASIA TERO DOMUS"},"content":{"rendered":"\n\t\t<div id=\"fws_69de5a8f8f467\"  data-column-margin=\"default\" data-midnight=\"dark\"  class=\"wpb_row vc_row-fluid vc_row\"  style=\"padding-top: 25px; padding-bottom: 25px; \"><div class=\"row-bg-wrap\" data-bg-animation=\"none\" data-bg-animation-delay=\"\" data-bg-overlay=\"false\"><div class=\"inner-wrap row-bg-layer\" ><div class=\"row-bg viewport-desktop\"  style=\"\"><\/div><\/div><\/div><div class=\"row_col_wrap_12 col span_12 dark left\">\n\t<div  class=\"vc_col-sm-12 wpb_column column_container vc_column_container col no-extra-padding inherit_tablet inherit_phone \"  data-padding-pos=\"all\" data-has-bg-color=\"false\" data-bg-color=\"\" data-bg-opacity=\"1\" data-animation=\"\" data-delay=\"0\" >\n\t\t<div class=\"vc_column-inner\" >\n\t\t\t<div class=\"wpb_wrapper\">\n\t\t\t\t\n<div class=\"wpb_text_column wpb_content_element \" >\n\t<div class=\"wpb_wrapper\">\n\t\t<h1 style=\"text-align: center;\">MASIA TERO DOMUS<\/h1>\n\t<\/div>\n<\/div>\n\n\n\n\n\t\t\t<\/div> \n\t\t<\/div>\n\t<\/div> \n<\/div><\/div>\n\t\t<div id=\"fws_69de5a8f91496\"  data-column-margin=\"default\" data-midnight=\"dark\"  class=\"wpb_row vc_row-fluid vc_row full-width-section  bottom_padding_tablet_25px\"  style=\"padding-top: 0px; padding-bottom: 125px; \"><div class=\"row-bg-wrap\" data-bg-animation=\"none\" data-bg-animation-delay=\"\" data-bg-overlay=\"false\"><div class=\"inner-wrap row-bg-layer\" ><div class=\"row-bg viewport-desktop\"  style=\"\"><\/div><\/div><\/div><div class=\"row_col_wrap_12 col span_12 dark left\">\n\t<div  class=\"vc_col-sm-12 wpb_column column_container vc_column_container col no-extra-padding inherit_tablet inherit_phone \"  data-padding-pos=\"all\" data-has-bg-color=\"false\" data-bg-color=\"\" data-bg-opacity=\"1\" data-animation=\"\" data-delay=\"0\" >\n\t\t<div class=\"vc_column-inner\" >\n\t\t\t<div class=\"wpb_wrapper\">\n\t\t\t\t<div id=\"fws_69de5a8f965e8\" data-midnight=\"\" data-column-margin=\"default\" class=\"wpb_row vc_row-fluid vc_row inner_row\"  style=\"padding-top: 25px; \"><div class=\"row-bg-wrap\"> <div class=\"row-bg\" ><\/div> <\/div><div class=\"row_col_wrap_12_inner col span_12  left\">\n\t<div  class=\"vc_col-sm-6 wpb_column column_container vc_column_container col child_column no-extra-padding inherit_tablet inherit_phone \"   data-padding-pos=\"all\" data-has-bg-color=\"false\" data-bg-color=\"\" data-bg-opacity=\"1\" data-animation=\"\" data-delay=\"0\" >\n\t\t<div class=\"vc_column-inner\" >\n\t\t<div class=\"wpb_wrapper\">\n\t\t\t\n<div class=\"wpb_text_column wpb_content_element \" >\n\t<div class=\"wpb_wrapper\">\n\t\t<h3 style=\"text-align: left;\">La m\u00e0xima expressi\u00f3 de sabor i textura<\/h3>\n\t<\/div>\n<\/div>\n\n\n\n\n<div class=\"wpb_text_column wpb_content_element \" >\n\t<div class=\"wpb_wrapper\">\n\t\t<p><strong>Masia Tero Domus<\/strong> \u00e9s fruit de la curaci\u00f3 natural dels nostres porcs de pota negra alimentats a base d\u2019ametlles. Un pernil amb m\u00e9s de 24 mesos de curaci\u00f3, ric en nutrients i seleccionat manualment, que arriba a les llars al punt just de sabor i amb una infiltraci\u00f3 adequada que potencia aquesta textura que tant ho caracteritza.<\/p>\n\t<\/div>\n<\/div>\n\n\n\n\n\t\t<\/div> \n\t<\/div>\n\t<\/div> \n\n\t<div  class=\"vc_col-sm-6 wpb_column column_container vc_column_container col child_column no-extra-padding inherit_tablet inherit_phone \"   data-padding-pos=\"all\" data-has-bg-color=\"false\" data-bg-color=\"\" data-bg-opacity=\"1\" data-animation=\"\" data-delay=\"0\" >\n\t\t<div class=\"vc_column-inner\" >\n\t\t<div class=\"wpb_wrapper\">\n\t\t\t<div class=\"img-with-aniamtion-wrap \" data-max-width=\"100%\" data-max-width-mobile=\"default\" data-shadow=\"none\" data-animation=\"none\" >\n      <div class=\"inner\">\n        <div class=\"hover-wrap\"> \n          <div class=\"hover-wrap-inner\">\n            <img loading=\"lazy\" decoding=\"async\" class=\"img-with-animation skip-lazy \" data-delay=\"0\" height=\"750\" width=\"750\" data-animation=\"none\" src=\"https:\/\/masiatero.com\/wp-content\/uploads\/2024\/03\/domus.png\" alt=\"\" srcset=\"https:\/\/masiatero.com\/wp-content\/uploads\/2024\/03\/domus.png 750w, https:\/\/masiatero.com\/wp-content\/uploads\/2024\/03\/domus-300x300.png 300w, https:\/\/masiatero.com\/wp-content\/uploads\/2024\/03\/domus-150x150.png 150w, https:\/\/masiatero.com\/wp-content\/uploads\/2024\/03\/domus-100x100.png 100w, https:\/\/masiatero.com\/wp-content\/uploads\/2024\/03\/domus-140x140.png 140w, https:\/\/masiatero.com\/wp-content\/uploads\/2024\/03\/domus-500x500.png 500w, https:\/\/masiatero.com\/wp-content\/uploads\/2024\/03\/domus-350x350.png 350w\" sizes=\"(max-width: 750px) 100vw, 750px\" \/>\n          <\/div>\n        <\/div>\n      <\/div>\n    <\/div>\n\t\t<\/div> \n\t<\/div>\n\t<\/div> \n<\/div><\/div>\n\t\t\t<\/div> \n\t\t<\/div>\n\t<\/div> \n<\/div><\/div>\n\t\t<div id=\"fws_69de5a8f99c0e\"  data-column-margin=\"default\" data-midnight=\"dark\"  class=\"wpb_row vc_row-fluid vc_row full-width-section parallax_section garantia-tero top_padding_tablet_50px bottom_padding_tablet_25px\" data-using-ctc=\"true\" style=\"padding-top: 95px; padding-bottom: 95px; color: #ffffff; \"><div class=\"row-bg-wrap\" data-bg-animation=\"none\" data-bg-animation-delay=\"\" data-bg-overlay=\"false\"><div class=\"inner-wrap row-bg-layer using-image\" ><div class=\"row-bg viewport-desktop using-image\" data-parallax-speed=\"fast\" style=\"background-image: url(https:\/\/masiatero.com\/wp-content\/uploads\/2023\/02\/fons-masia-footer.jpg); background-position: 0% 0%; background-repeat: no-repeat; \"><\/div><\/div><\/div><div class=\"row_col_wrap_12 col span_12 custom left\">\n\t<div  class=\"vc_col-sm-3 wpb_column column_container vc_column_container col no-extra-padding inherit_tablet inherit_phone \"  data-padding-pos=\"all\" data-has-bg-color=\"false\" data-bg-color=\"\" data-bg-opacity=\"1\" data-animation=\"\" data-delay=\"0\" >\n\t\t<div class=\"vc_column-inner\" >\n\t\t\t<div class=\"wpb_wrapper\">\n\t\t\t\t<div class=\"img-with-aniamtion-wrap \" data-max-width=\"100%\" data-max-width-mobile=\"default\" data-shadow=\"none\" data-animation=\"none\" >\n      <div class=\"inner\">\n        <div class=\"hover-wrap\"> \n          <div class=\"hover-wrap-inner\">\n            <img loading=\"lazy\" decoding=\"async\" class=\"img-with-animation skip-lazy logo-halo-footer\" data-delay=\"0\" height=\"500\" width=\"500\" data-animation=\"none\" src=\"https:\/\/masiatero.com\/wp-content\/uploads\/2023\/02\/masiatero-halo.png\" alt=\"\" srcset=\"https:\/\/masiatero.com\/wp-content\/uploads\/2023\/02\/masiatero-halo.png 500w, https:\/\/masiatero.com\/wp-content\/uploads\/2023\/02\/masiatero-halo-300x300.png 300w, https:\/\/masiatero.com\/wp-content\/uploads\/2023\/02\/masiatero-halo-150x150.png 150w, https:\/\/masiatero.com\/wp-content\/uploads\/2023\/02\/masiatero-halo-100x100.png 100w, https:\/\/masiatero.com\/wp-content\/uploads\/2023\/02\/masiatero-halo-140x140.png 140w, https:\/\/masiatero.com\/wp-content\/uploads\/2023\/02\/masiatero-halo-350x350.png 350w\" sizes=\"(max-width: 500px) 100vw, 500px\" \/>\n          <\/div>\n        <\/div>\n      <\/div>\n    <\/div>\n\t\t\t<\/div> \n\t\t<\/div>\n\t<\/div> \n\n\t<div  class=\"vc_col-sm-9 wpb_column column_container vc_column_container col no-extra-padding inherit_tablet inherit_phone \"  data-padding-pos=\"all\" data-has-bg-color=\"false\" data-bg-color=\"\" data-bg-opacity=\"1\" data-animation=\"\" data-delay=\"0\" >\n\t\t<div class=\"vc_column-inner\" >\n\t\t\t<div class=\"wpb_wrapper\">\n\t\t\t\t\n<div class=\"wpb_text_column wpb_content_element  carn-amb-valors-footer\" >\n\t<div class=\"wpb_wrapper\">\n\t\t<h3>CARN AMB VALORS<\/h3>\n\t<\/div>\n<\/div>\n\n\n\n\n\t\t\t<\/div> \n\t\t<\/div>\n\t<\/div> \n<\/div><\/div>\n","protected":false},"excerpt":{"rendered":"MASIA TERO DOMUS La m\u00e0xima expressi\u00f3 de sabor i textura Masia Tero Domus \u00e9s fruit de la curaci\u00f3 natural dels nostres porcs de pota negra alimentats a base d\u2019ametlles. Un...","protected":false},"author":1,"featured_media":0,"parent":0,"menu_order":50,"comment_status":"closed","ping_status":"closed","template":"","meta":{"footnotes":""},"class_list":["post-1253","page","type-page","status-publish"],"yoast_head":"<!-- This site is optimized with the Yoast SEO plugin v22.5 - https:\/\/yoast.com\/wordpress\/plugins\/seo\/ -->\n<title>MASIA TERO DOMUS - Masia Tero<\/title>\n<meta name=\"robots\" content=\"index, follow, max-snippet:-1, max-image-preview:large, max-video-preview:-1\" \/>\n<link rel=\"canonical\" href=\"https:\/\/masiatero.com\/ca\/masiatero-domus\/\" \/>\n<meta property=\"og:locale\" content=\"ca_ES\" \/>\n<meta property=\"og:type\" content=\"article\" \/>\n<meta property=\"og:title\" content=\"MASIA TERO DOMUS - Masia Tero\" \/>\n<meta property=\"og:url\" content=\"https:\/\/masiatero.com\/ca\/masiatero-domus\/\" \/>\n<meta property=\"og:site_name\" content=\"Masia Tero\" \/>\n<meta property=\"article:modified_time\" content=\"2024-03-13T16:29:39+00:00\" \/>\n<meta name=\"twitter:card\" content=\"summary_large_image\" \/>\n<meta name=\"twitter:label1\" content=\"Temps estimat de lectura\" \/>\n\t<meta name=\"twitter:data1\" content=\"3 minuts\" \/>\n<script type=\"application\/ld+json\" class=\"yoast-schema-graph\">{\"@context\":\"https:\/\/schema.org\",\"@graph\":[{\"@type\":\"WebPage\",\"@id\":\"https:\/\/masiatero.com\/ca\/masiatero-domus\/\",\"url\":\"https:\/\/masiatero.com\/ca\/masiatero-domus\/\",\"name\":\"MASIA TERO DOMUS - Masia Tero\",\"isPartOf\":{\"@id\":\"https:\/\/masiatero.com\/ca\/#website\"},\"datePublished\":\"2022-12-08T12:53:32+00:00\",\"dateModified\":\"2024-03-13T16:29:39+00:00\",\"breadcrumb\":{\"@id\":\"https:\/\/masiatero.com\/ca\/masiatero-domus\/#breadcrumb\"},\"inLanguage\":\"ca\",\"potentialAction\":[{\"@type\":\"ReadAction\",\"target\":[\"https:\/\/masiatero.com\/ca\/masiatero-domus\/\"]}]},{\"@type\":\"BreadcrumbList\",\"@id\":\"https:\/\/masiatero.com\/ca\/masiatero-domus\/#breadcrumb\",\"itemListElement\":[{\"@type\":\"ListItem\",\"position\":1,\"name\":\"Portada\",\"item\":\"https:\/\/masiatero.com\/ca\/\"},{\"@type\":\"ListItem\",\"position\":2,\"name\":\"MASIA TERO DOMUS\"}]},{\"@type\":\"WebSite\",\"@id\":\"https:\/\/masiatero.com\/ca\/#website\",\"url\":\"https:\/\/masiatero.com\/ca\/\",\"name\":\"Masia Tero\",\"description\":\"\",\"potentialAction\":[{\"@type\":\"SearchAction\",\"target\":{\"@type\":\"EntryPoint\",\"urlTemplate\":\"https:\/\/masiatero.com\/ca\/?s={search_term_string}\"},\"query-input\":\"required name=search_term_string\"}],\"inLanguage\":\"ca\"}]}<\/script>\n<!-- \/ Yoast SEO plugin. -->","yoast_head_json":{"title":"MASIA TERO DOMUS - Masia Tero","robots":{"index":"index","follow":"follow","max-snippet":"max-snippet:-1","max-image-preview":"max-image-preview:large","max-video-preview":"max-video-preview:-1"},"canonical":"https:\/\/masiatero.com\/ca\/masiatero-domus\/","og_locale":"ca_ES","og_type":"article","og_title":"MASIA TERO DOMUS - Masia Tero","og_url":"https:\/\/masiatero.com\/ca\/masiatero-domus\/","og_site_name":"Masia Tero","article_modified_time":"2024-03-13T16:29:39+00:00","twitter_card":"summary_large_image","twitter_misc":{"Temps estimat de lectura":"3 minuts"},"schema":{"@context":"https:\/\/schema.org","@graph":[{"@type":"WebPage","@id":"https:\/\/masiatero.com\/ca\/masiatero-domus\/","url":"https:\/\/masiatero.com\/ca\/masiatero-domus\/","name":"MASIA TERO DOMUS - Masia Tero","isPartOf":{"@id":"https:\/\/masiatero.com\/ca\/#website"},"datePublished":"2022-12-08T12:53:32+00:00","dateModified":"2024-03-13T16:29:39+00:00","breadcrumb":{"@id":"https:\/\/masiatero.com\/ca\/masiatero-domus\/#breadcrumb"},"inLanguage":"ca","potentialAction":[{"@type":"ReadAction","target":["https:\/\/masiatero.com\/ca\/masiatero-domus\/"]}]},{"@type":"BreadcrumbList","@id":"https:\/\/masiatero.com\/ca\/masiatero-domus\/#breadcrumb","itemListElement":[{"@type":"ListItem","position":1,"name":"Portada","item":"https:\/\/masiatero.com\/ca\/"},{"@type":"ListItem","position":2,"name":"MASIA TERO DOMUS"}]},{"@type":"WebSite","@id":"https:\/\/masiatero.com\/ca\/#website","url":"https:\/\/masiatero.com\/ca\/","name":"Masia Tero","description":"","potentialAction":[{"@type":"SearchAction","target":{"@type":"EntryPoint","urlTemplate":"https:\/\/masiatero.com\/ca\/?s={search_term_string}"},"query-input":"required name=search_term_string"}],"inLanguage":"ca"}]}},"_links":{"self":[{"href":"https:\/\/masiatero.com\/ca\/wp-json\/wp\/v2\/pages\/1253"}],"collection":[{"href":"https:\/\/masiatero.com\/ca\/wp-json\/wp\/v2\/pages"}],"about":[{"href":"https:\/\/masiatero.com\/ca\/wp-json\/wp\/v2\/types\/page"}],"author":[{"embeddable":true,"href":"https:\/\/masiatero.com\/ca\/wp-json\/wp\/v2\/users\/1"}],"replies":[{"embeddable":true,"href":"https:\/\/masiatero.com\/ca\/wp-json\/wp\/v2\/comments?post=1253"}],"version-history":[{"count":3,"href":"https:\/\/masiatero.com\/ca\/wp-json\/wp\/v2\/pages\/1253\/revisions"}],"predecessor-version":[{"id":1268,"href":"https:\/\/masiatero.com\/ca\/wp-json\/wp\/v2\/pages\/1253\/revisions\/1268"}],"wp:attachment":[{"href":"https:\/\/masiatero.com\/ca\/wp-json\/wp\/v2\/media?parent=1253"}],"curies":[{"name":"wp","href":"https:\/\/api.w.org\/{rel}","templated":true}]}}