{"id":1237,"date":"2022-11-21T16:18:04","date_gmt":"2022-11-21T15:18:04","guid":{"rendered":"https:\/\/masiatero.com\/somos-fundacion\/"},"modified":"2024-03-13T12:18:18","modified_gmt":"2024-03-13T11:18:18","slug":"som-fundacio","status":"publish","type":"page","link":"https:\/\/masiatero.com\/ca\/som-fundacio\/","title":{"rendered":"SOM FUNDACI\u00d3"},"content":{"rendered":"\n\t\t<div id=\"fundacio\"  data-column-margin=\"default\" data-midnight=\"dark\"  class=\"wpb_row vc_row-fluid vc_row\"  style=\"padding-top: 25px; padding-bottom: 25px; \"><div class=\"row-bg-wrap\" data-bg-animation=\"none\" data-bg-animation-delay=\"\" data-bg-overlay=\"false\"><div class=\"inner-wrap row-bg-layer\" ><div class=\"row-bg viewport-desktop\"  style=\"\"><\/div><\/div><\/div><div class=\"row_col_wrap_12 col span_12 dark left\">\n\t<div  class=\"vc_col-sm-12 wpb_column column_container vc_column_container col no-extra-padding inherit_tablet inherit_phone \"  data-padding-pos=\"all\" data-has-bg-color=\"false\" data-bg-color=\"\" data-bg-opacity=\"1\" data-animation=\"\" data-delay=\"0\" >\n\t\t<div class=\"vc_column-inner\" >\n\t\t\t<div class=\"wpb_wrapper\">\n\t\t\t\t\n<div class=\"wpb_text_column wpb_content_element \" >\n\t<div class=\"wpb_wrapper\">\n\t\t<h1 style=\"text-align: center;\">SOM FUNDACI\u00d3<\/h1>\n\t<\/div>\n<\/div>\n\n\n\n\n\t\t\t<\/div> \n\t\t<\/div>\n\t<\/div> \n<\/div><\/div>\n\t\t<div id=\"fws_69d434bb9792f\"  data-column-margin=\"default\" data-midnight=\"dark\"  class=\"wpb_row vc_row-fluid vc_row  bottom_padding_tablet_0px\"  style=\"padding-top: 0px; padding-bottom: 125px; \"><div class=\"row-bg-wrap\" data-bg-animation=\"none\" data-bg-animation-delay=\"\" data-bg-overlay=\"false\"><div class=\"inner-wrap row-bg-layer\" ><div class=\"row-bg viewport-desktop\"  style=\"\"><\/div><\/div><\/div><div class=\"row_col_wrap_12 col span_12 dark left\">\n\t<div  class=\"vc_col-sm-6 wpb_column column_container vc_column_container col no-extra-padding inherit_tablet inherit_phone \"  data-padding-pos=\"all\" data-has-bg-color=\"false\" data-bg-color=\"\" data-bg-opacity=\"1\" data-animation=\"\" data-delay=\"0\" >\n\t\t<div class=\"vc_column-inner\" >\n\t\t\t<div class=\"wpb_wrapper\">\n\t\t\t\t\n<div class=\"wpb_text_column wpb_content_element \" >\n\t<div class=\"wpb_wrapper\">\n\t\t<p>La <strong>Fundaci\u00f3 la Manreana<\/strong> neix a Juneda (Les Garrigues) l\u2019any 2009 gr\u00e0cies a la iniciativa de la granja escola que porta el mateix nom i d\u2019un grup de persones que comparteixen els mateixos ideals socials.<\/p>\n<p>Essent coneixedors de les necessitats que t\u00e9 la societat, decideixen unir esfor\u00e7os per posar en marxa, d\u2019una manera totalment altruista, un projecte social que tingui com a principals destinataris les persones amb discapacitats i totes aquelles amb risc d\u2019exclusi\u00f3 social.<\/p>\n<p>Els objectius de la <strong>Fundaci\u00f3 la Manreana<\/strong> s\u00f3n:<\/p>\n<ul>\n<li>Oferir un espai de desenvolupament i millora global per a les persones amb discapacitats diverses (neuromotores, f\u00edsiques, ps\u00edquiques, sensorials, etc.), aix\u00ed com tot un programa de treball d\u2019adquisici\u00f3 d\u2019habilitats d\u2019ajust social dirigit a aquelles persones en situaci\u00f3 de risc d\u2019exclusi\u00f3. Ambdues vessants es duran a terme per professionals capacitats en l\u2019\u00e0mbit de la ter\u00e0pia assistida amb animals.<\/li>\n<li>Proporcionar una oferta complement\u00e0ria d\u2019activitats de lleure per a les persones discapacitades, tot aprofitant i adaptant les instal\u2219lacions de la granja escola perqu\u00e8 aquestes es sentin c\u00f2modes durant les seves estades.<\/li>\n<li>Buscar col\u2219laboraci\u00f3 econ\u00f2mica entre institucions, empreses i particulars per tal de becar una part del cost de les ter\u00e0pies als usuaris que m\u00e9s ho necessitin.<\/li>\n<li>Promoure la formaci\u00f3, la recerca i la innovaci\u00f3 en l\u2019\u00e0mbit de les activitats assistides amb animals, tant en la vessant terap\u00e8utica, com la psicoeducativa o d\u2019oci.<\/li>\n<\/ul>\n\t<\/div>\n<\/div>\n\n\n\n<a class=\"nectar-button medium see-through-2  boto-fundacio\"  style=\"margin-top: 20px; border-color: #9f8a43; color: #9f8a43;\" target=\"_blank\" href=\"https:\/\/fundaciolamanreana.org\/\" data-color-override=\"#9f8a43\" data-hover-color-override=\"false\" data-hover-text-color-override=\"#ffffff\"><span>VISITAR LA WEB DE LA FUNDACI\u00d3<\/span><\/a>\n\t\t\t<\/div> \n\t\t<\/div>\n\t<\/div> \n\n\t<div  class=\"vc_col-sm-6 wpb_column column_container vc_column_container col no-extra-padding inherit_tablet inherit_phone \"  data-padding-pos=\"all\" data-has-bg-color=\"false\" data-bg-color=\"\" data-bg-opacity=\"1\" data-animation=\"\" data-delay=\"0\" >\n\t\t<div class=\"vc_column-inner\" >\n\t\t\t<div class=\"wpb_wrapper\">\n\t\t\t\t\n\t<div class=\"wpb_gallery wpb_content_element clearfix\">\n\t\t<div class=\"wpb_wrapper\"><div class=\"wpb_gallery_slides wpb_flexslider flex-gallery flexslider\" data-onclick=\"link_no\" data-interval=\"5\" data-flex_fx=\"fade\"><ul class=\"slides\" data-d-autorotate=\"\"><li><img loading=\"lazy\" decoding=\"async\" class=\"skip-lazy \" src=\"https:\/\/masiatero.com\/wp-content\/uploads\/2024\/03\/fundacio1.jpg\" width=\"750\" height=\"550\" alt=\"fundacio1\" title=\"fundacio1\" \/><\/li><li><img loading=\"lazy\" decoding=\"async\" class=\"skip-lazy \" src=\"https:\/\/masiatero.com\/wp-content\/uploads\/2024\/03\/fundacio2.jpg\" width=\"750\" height=\"550\" alt=\"fundacio2\" title=\"fundacio2\" \/><\/li><li><img loading=\"lazy\" decoding=\"async\" class=\"skip-lazy \" src=\"https:\/\/masiatero.com\/wp-content\/uploads\/2024\/03\/fundacio3.jpg\" width=\"750\" height=\"550\" alt=\"fundacio3\" title=\"fundacio3\" \/><\/li><li><img loading=\"lazy\" decoding=\"async\" class=\"skip-lazy \" src=\"https:\/\/masiatero.com\/wp-content\/uploads\/2024\/03\/fundacio4.jpg\" width=\"750\" height=\"550\" alt=\"fundacio4\" title=\"fundacio4\" \/><\/li><li><img loading=\"lazy\" decoding=\"async\" class=\"skip-lazy \" src=\"https:\/\/masiatero.com\/wp-content\/uploads\/2024\/03\/fundacio5.jpg\" width=\"750\" height=\"550\" alt=\"fundacio5\" title=\"fundacio5\" \/><\/li><\/ul><\/div>\n\t\t<\/div> \n\t<\/div> \n\t\t\t<\/div> \n\t\t<\/div>\n\t<\/div> \n<\/div><\/div>\n\t\t<div id=\"fws_69d434bb9e358\"  data-column-margin=\"default\" data-midnight=\"light\"  class=\"wpb_row vc_row-fluid vc_row full-width-section parallax_section top_margin_0px bottom_margin_0px top_padding_tablet_50px bottom_padding_tablet_50px\"  style=\"padding-top: 125px; padding-bottom: 125px; \"><div class=\"row-bg-wrap\" data-bg-animation=\"none\" data-bg-animation-delay=\"\" data-bg-overlay=\"false\"><div class=\"inner-wrap row-bg-layer\" ><div class=\"row-bg viewport-desktop using-bg-color\" data-parallax-speed=\"fast\" style=\"background-color: #333333; \"><\/div><\/div><\/div><div class=\"row_col_wrap_12 col span_12 light left\">\n\t<div  class=\"vc_col-sm-6 wpb_column column_container vc_column_container col no-extra-padding inherit_tablet inherit_phone \"  data-padding-pos=\"all\" data-has-bg-color=\"false\" data-bg-color=\"\" data-bg-opacity=\"1\" data-animation=\"\" data-delay=\"0\" >\n\t\t<div class=\"vc_column-inner\" >\n\t\t\t<div class=\"wpb_wrapper\">\n\t\t\t\t\n<div class=\"wpb_text_column wpb_content_element \" >\n\t<div class=\"wpb_wrapper\">\n\t\t<h4>\u00c0mbits d\u2019intervenci\u00f3<\/h4>\n<h5><strong>Intervenci\u00f3 psicoeducativa assistida amb cavalls<\/strong><\/h5>\n<p><strong>Grupals:<\/strong>\u00a0activitats educatives vinculades a l\u2019\u00e0mbit curricular, dirigides a l\u2019adquisici\u00f3 d\u2019habilitats d\u2019ajust social i estrat\u00e8gies d\u2019aprenentatge (grups d\u2019adaptaci\u00f3 curricular de l\u2019ESO, Aules Obertes, d\u2019Acollida, Aules Taller).<\/p>\n<p><strong>Individual:<\/strong>\u00a0sessions dirigides al desenvolupament d\u2019habilitats cognitives, socials, motrius i personals d\u2019infants amb necessitats educatives o qualsevol necessitat d\u2019acompanyament puntual: dificultats d\u2019aprenentatge, d\u00e8ficit cognitiu, trastorns conductuals, d\u00e8ficit d\u2019atenci\u00f3 amb o sense hiperactivitat, bloqueig emocional, dificultat amb les habilitats comunicatives, entre d\u2019altres.<\/p>\n<h5><strong>Hipoter\u00e0pia<\/strong><\/h5>\n<p><strong>Individual:<\/strong>\u00a0rehabilitaciones motrices, de\u0301ficits motores de distintos tipos, adquisicio\u0301n de patrones posturales positivos, entre otros (para\u0301lisis cerebral, retraso madurativo, etc.).<\/p>\n<h5><strong>Activitats l\u00fadiques<\/strong><\/h5>\n<p><strong>Grupal:<\/strong>\u00a0activitats assistides amb cavalls realitzades puntualment i dirigides tant a infants com a adults (entitats, institucions, agrupacions, associacions\u2026).<\/p>\n<h5><strong>Ter\u00e0pia amb animals\/zooter\u00e0pia<\/strong><\/h5>\n<p>L\u2019equip de la <strong>Fundaci\u00f3 La Manreana<\/strong>, estructura activitats assistides amb diferents tipus d\u2019animals dom\u00e8stics o de granja, en funci\u00f3 de les vostres caracter\u00edstiques i objectius a treballar.<\/p>\n\t<\/div>\n<\/div>\n\n\n\n\n\t\t\t<\/div> \n\t\t<\/div>\n\t<\/div> \n\n\t<div  class=\"vc_col-sm-6 wpb_column column_container vc_column_container col no-extra-padding inherit_tablet inherit_phone \"  data-padding-pos=\"all\" data-has-bg-color=\"false\" data-bg-color=\"\" data-bg-opacity=\"1\" data-animation=\"\" data-delay=\"0\" >\n\t\t<div class=\"vc_column-inner\" >\n\t\t\t<div class=\"wpb_wrapper\">\n\t\t\t\t\n<div class=\"wpb_text_column wpb_content_element \" >\n\t<div class=\"wpb_wrapper\">\n\t\t<p>L\u2019\u00fas dels animals dins l\u2019\u00e0mbit de la ter\u00e0pia afavoreixen un seguit de factors:<\/p>\n<ul>\n<li>L\u2019empatia: la capacitat de posar-se al lloc de \u201cl\u2019altre\u201d.<\/li>\n<li>L\u2019enfocament exterior: els animals ajuden a persones en processos depressius, amb baixa autoestima, amb malaltia mental, etc. a canviar l\u2019enfocament del seu ambient, aconseguint que traslladin el seu centre d\u2019inter\u00e8s des dels seus problemes cap als animals amb els que interactuen.<\/li>\n<li>Increment de les relacions, ja que la relaci\u00f3 amb els animals permeten l\u2019apertura dels diferents canals comunicatius.<\/li>\n<li>Sentiment d\u2019acceptaci\u00f3. L\u2019animal no ens jutja i accepta la nostra pres\u00e8ncia tal com som.<\/li>\n<li>Millora de la socialitzaci\u00f3 entre les persones, sobre tot aquelles que es troben institucionalitzades, disminuint l\u2019ansietat i l\u2019estr\u00e9s, millorant l\u2019estat d\u2019\u00e0nim i minvant el sentiment d\u2019a\u00efllament.<\/li>\n<li>Est\u00edmul mental ja que a l\u2019incrementar la comunicaci\u00f3 s\u2019ajuda a l\u2019activaci\u00f3 dels records personals.<\/li>\n<li>Beneficis fisiol\u00f2gics.<\/li>\n<\/ul>\n<h5><strong>Tallers adaptats de la granja escola<\/strong><\/h5>\n<p>Teniu la possibilitat de realitzar els tallers que ofereix la granja escola, com s\u00f3n el de: la llet i els seus derivats, l\u2019elaboraci\u00f3 de pa, l\u2019hort, els derivats del porc. Sempre adaptats a les necessitats del grup a qui destinem l\u2019activitat.<\/p>\n<p>Consulteu la possibilitat d\u2019organitzar estades de m\u00e9s d\u2019una nit combinant alguns dels \u00e0mbits d\u2019intervenci\u00f3.<\/p>\n<p>\u00c9s dissenyen programes d\u2019activitats amb llengua de signes amb la col\u00b7laboraci\u00f3 de l\u2019<strong>Associaci\u00f3 Deixa\u2019ns Signar<\/strong>.<\/p>\n\t<\/div>\n<\/div>\n\n\n\n\n\t\t\t<\/div> \n\t\t<\/div>\n\t<\/div> \n<\/div><\/div>\n\t\t<div id=\"fws_69d434bba0069\"  data-column-margin=\"default\" data-midnight=\"dark\"  class=\"wpb_row vc_row-fluid vc_row full-width-section parallax_section garantia-tero top_padding_tablet_25px bottom_padding_tablet_0px\" data-using-ctc=\"true\" style=\"padding-top: 60px; padding-bottom: 60px; color: #ffffff; \"><div class=\"row-bg-wrap\" data-bg-animation=\"none\" data-bg-animation-delay=\"\" data-bg-overlay=\"false\"><div class=\"inner-wrap row-bg-layer using-image\" ><div class=\"row-bg viewport-desktop using-image\" data-parallax-speed=\"fast\" style=\"background-image: url(https:\/\/masiatero.com\/wp-content\/uploads\/2022\/12\/fons-familia.jpeg); background-position: 0% 0%; background-repeat: no-repeat; \"><\/div><\/div><\/div><div class=\"row_col_wrap_12 col span_12 custom left\">\n\t<div  class=\"vc_col-sm-3 wpb_column column_container vc_column_container col no-extra-padding inherit_tablet inherit_phone \"  data-padding-pos=\"all\" data-has-bg-color=\"false\" data-bg-color=\"\" data-bg-opacity=\"1\" data-animation=\"\" data-delay=\"0\" >\n\t\t<div class=\"vc_column-inner\" >\n\t\t\t<div class=\"wpb_wrapper\">\n\t\t\t\t<div class=\"img-with-aniamtion-wrap \" data-max-width=\"100%\" data-max-width-mobile=\"default\" data-shadow=\"none\" data-animation=\"none\" >\n      <div class=\"inner\">\n        <div class=\"hover-wrap\"> \n          <div class=\"hover-wrap-inner\">\n            <img loading=\"lazy\" decoding=\"async\" class=\"img-with-animation skip-lazy logo-halo-footer\" data-delay=\"0\" height=\"437\" width=\"319\" data-animation=\"none\" src=\"https:\/\/masiatero.com\/wp-content\/uploads\/2022\/11\/fgamilia-logo.png\" alt=\"\" srcset=\"https:\/\/masiatero.com\/wp-content\/uploads\/2022\/11\/fgamilia-logo.png 319w, https:\/\/masiatero.com\/wp-content\/uploads\/2022\/11\/fgamilia-logo-219x300.png 219w\" sizes=\"(max-width: 319px) 100vw, 319px\" \/>\n          <\/div>\n        <\/div>\n      <\/div>\n    <\/div>\n\t\t\t<\/div> \n\t\t<\/div>\n\t<\/div> \n\n\t<div  class=\"vc_col-sm-9 wpb_column column_container vc_column_container col no-extra-padding inherit_tablet inherit_phone \"  data-padding-pos=\"all\" data-has-bg-color=\"false\" data-bg-color=\"\" data-bg-opacity=\"1\" data-animation=\"\" data-delay=\"0\" >\n\t\t<div class=\"vc_column-inner\" >\n\t\t\t<div class=\"wpb_wrapper\">\n\t\t\t\t\n<div class=\"wpb_text_column wpb_content_element  pagesos-footer\" >\n\t<div class=\"wpb_wrapper\">\n\t\t<h3>SOM PAGESOS<\/h3>\n\t<\/div>\n<\/div>\n\n\n\n\n\t\t\t<\/div> \n\t\t<\/div>\n\t<\/div> \n<\/div><\/div>\n","protected":false},"excerpt":{"rendered":"SOM FUNDACI\u00d3 La Fundaci\u00f3 la Manreana neix a Juneda (Les Garrigues) l\u2019any 2009 gr\u00e0cies a la iniciativa de la granja escola que porta el mateix nom i d\u2019un grup de...","protected":false},"author":1,"featured_media":0,"parent":0,"menu_order":30,"comment_status":"closed","ping_status":"closed","template":"","meta":{"footnotes":""},"class_list":["post-1237","page","type-page","status-publish"],"yoast_head":"<!-- This site is optimized with the Yoast SEO plugin v22.5 - https:\/\/yoast.com\/wordpress\/plugins\/seo\/ -->\n<title>SOM FUNDACI\u00d3 - Masia Tero<\/title>\n<meta name=\"robots\" content=\"index, follow, max-snippet:-1, max-image-preview:large, max-video-preview:-1\" \/>\n<link rel=\"canonical\" href=\"https:\/\/masiatero.com\/ca\/som-fundacio\/\" \/>\n<meta property=\"og:locale\" content=\"ca_ES\" \/>\n<meta property=\"og:type\" content=\"article\" \/>\n<meta property=\"og:title\" content=\"SOM FUNDACI\u00d3 - Masia Tero\" \/>\n<meta property=\"og:url\" content=\"https:\/\/masiatero.com\/ca\/som-fundacio\/\" \/>\n<meta property=\"og:site_name\" content=\"Masia Tero\" \/>\n<meta property=\"article:modified_time\" content=\"2024-03-13T11:18:18+00:00\" \/>\n<meta name=\"twitter:card\" content=\"summary_large_image\" \/>\n<meta name=\"twitter:label1\" content=\"Temps estimat de lectura\" \/>\n\t<meta name=\"twitter:data1\" content=\"6 minuts\" \/>\n<script type=\"application\/ld+json\" class=\"yoast-schema-graph\">{\"@context\":\"https:\/\/schema.org\",\"@graph\":[{\"@type\":\"WebPage\",\"@id\":\"https:\/\/masiatero.com\/ca\/som-fundacio\/\",\"url\":\"https:\/\/masiatero.com\/ca\/som-fundacio\/\",\"name\":\"SOM FUNDACI\u00d3 - Masia Tero\",\"isPartOf\":{\"@id\":\"https:\/\/masiatero.com\/ca\/#website\"},\"datePublished\":\"2022-11-21T15:18:04+00:00\",\"dateModified\":\"2024-03-13T11:18:18+00:00\",\"breadcrumb\":{\"@id\":\"https:\/\/masiatero.com\/ca\/som-fundacio\/#breadcrumb\"},\"inLanguage\":\"ca\",\"potentialAction\":[{\"@type\":\"ReadAction\",\"target\":[\"https:\/\/masiatero.com\/ca\/som-fundacio\/\"]}]},{\"@type\":\"BreadcrumbList\",\"@id\":\"https:\/\/masiatero.com\/ca\/som-fundacio\/#breadcrumb\",\"itemListElement\":[{\"@type\":\"ListItem\",\"position\":1,\"name\":\"Portada\",\"item\":\"https:\/\/masiatero.com\/ca\/\"},{\"@type\":\"ListItem\",\"position\":2,\"name\":\"SOM FUNDACI\u00d3\"}]},{\"@type\":\"WebSite\",\"@id\":\"https:\/\/masiatero.com\/ca\/#website\",\"url\":\"https:\/\/masiatero.com\/ca\/\",\"name\":\"Masia Tero\",\"description\":\"\",\"potentialAction\":[{\"@type\":\"SearchAction\",\"target\":{\"@type\":\"EntryPoint\",\"urlTemplate\":\"https:\/\/masiatero.com\/ca\/?s={search_term_string}\"},\"query-input\":\"required name=search_term_string\"}],\"inLanguage\":\"ca\"}]}<\/script>\n<!-- \/ Yoast SEO plugin. -->","yoast_head_json":{"title":"SOM FUNDACI\u00d3 - Masia Tero","robots":{"index":"index","follow":"follow","max-snippet":"max-snippet:-1","max-image-preview":"max-image-preview:large","max-video-preview":"max-video-preview:-1"},"canonical":"https:\/\/masiatero.com\/ca\/som-fundacio\/","og_locale":"ca_ES","og_type":"article","og_title":"SOM FUNDACI\u00d3 - Masia Tero","og_url":"https:\/\/masiatero.com\/ca\/som-fundacio\/","og_site_name":"Masia Tero","article_modified_time":"2024-03-13T11:18:18+00:00","twitter_card":"summary_large_image","twitter_misc":{"Temps estimat de lectura":"6 minuts"},"schema":{"@context":"https:\/\/schema.org","@graph":[{"@type":"WebPage","@id":"https:\/\/masiatero.com\/ca\/som-fundacio\/","url":"https:\/\/masiatero.com\/ca\/som-fundacio\/","name":"SOM FUNDACI\u00d3 - Masia Tero","isPartOf":{"@id":"https:\/\/masiatero.com\/ca\/#website"},"datePublished":"2022-11-21T15:18:04+00:00","dateModified":"2024-03-13T11:18:18+00:00","breadcrumb":{"@id":"https:\/\/masiatero.com\/ca\/som-fundacio\/#breadcrumb"},"inLanguage":"ca","potentialAction":[{"@type":"ReadAction","target":["https:\/\/masiatero.com\/ca\/som-fundacio\/"]}]},{"@type":"BreadcrumbList","@id":"https:\/\/masiatero.com\/ca\/som-fundacio\/#breadcrumb","itemListElement":[{"@type":"ListItem","position":1,"name":"Portada","item":"https:\/\/masiatero.com\/ca\/"},{"@type":"ListItem","position":2,"name":"SOM FUNDACI\u00d3"}]},{"@type":"WebSite","@id":"https:\/\/masiatero.com\/ca\/#website","url":"https:\/\/masiatero.com\/ca\/","name":"Masia Tero","description":"","potentialAction":[{"@type":"SearchAction","target":{"@type":"EntryPoint","urlTemplate":"https:\/\/masiatero.com\/ca\/?s={search_term_string}"},"query-input":"required name=search_term_string"}],"inLanguage":"ca"}]}},"_links":{"self":[{"href":"https:\/\/masiatero.com\/ca\/wp-json\/wp\/v2\/pages\/1237"}],"collection":[{"href":"https:\/\/masiatero.com\/ca\/wp-json\/wp\/v2\/pages"}],"about":[{"href":"https:\/\/masiatero.com\/ca\/wp-json\/wp\/v2\/types\/page"}],"author":[{"embeddable":true,"href":"https:\/\/masiatero.com\/ca\/wp-json\/wp\/v2\/users\/1"}],"replies":[{"embeddable":true,"href":"https:\/\/masiatero.com\/ca\/wp-json\/wp\/v2\/comments?post=1237"}],"version-history":[{"count":3,"href":"https:\/\/masiatero.com\/ca\/wp-json\/wp\/v2\/pages\/1237\/revisions"}],"predecessor-version":[{"id":1243,"href":"https:\/\/masiatero.com\/ca\/wp-json\/wp\/v2\/pages\/1237\/revisions\/1243"}],"wp:attachment":[{"href":"https:\/\/masiatero.com\/ca\/wp-json\/wp\/v2\/media?parent=1237"}],"curies":[{"name":"wp","href":"https:\/\/api.w.org\/{rel}","templated":true}]}}